{"id":742,"date":"2025-04-22T17:20:27","date_gmt":"2025-04-22T17:20:27","guid":{"rendered":"https:\/\/storybuggies.pt\/booking\/?post_type=product&#038;p=742"},"modified":"2025-06-20T11:43:36","modified_gmt":"2025-06-20T11:43:36","slug":"nascer-do-sol-no-bussaco","status":"publish","type":"product","link":"https:\/\/storybuggies.pt\/booking\/product\/nascer-do-sol-no-bussaco\/","title":{"rendered":"Nascer-do-Sol no Bussaco"},"content":{"rendered":"<p>Cerca de 3 horas de atividade, onde subimos a serra de noite, esperamos pelo nascer do sol, e regressamos novamente por outra encosta da serra. Inclui um brunch \u00e0 moda da aldeia na serra, e toda a log\u00edstica para assistir confort\u00e1vel ao alvorecer e ao nascer do sol!!<\/p>\n","protected":false},"excerpt":{"rendered":"<div class=\"wp-block-column is-layout-flow wp-block-column-is-layout-flow\">\n<p class=\"has-text-dark-color has-text-color has-link-color wp-elements-7252bd55b28f5209f27e1f31bb3b3d00\">\u23f1\ufe0f\u00a0<strong>Dura\u00e7\u00e3o<\/strong>: Cerca de 3h<\/p>\n<p>\u2b95 M\u00ednimo\u00a02 buggies de 2 lugares ou 1 Buggy de 4 lugares<\/p>\n<p>&nbsp;<\/p>\n<\/div>\n","protected":false},"featured_media":316,"template":"","meta":[],"product_brand":[],"product_cat":[19],"product_tag":[],"class_list":{"0":"post-742","1":"product","2":"type-product","3":"status-publish","4":"has-post-thumbnail","6":"product_cat-passeios-de-buggy","8":"first","9":"instock","10":"taxable","11":"shipping-taxable","12":"purchasable","13":"product-type-variable"},"_links":{"self":[{"href":"https:\/\/storybuggies.pt\/booking\/wp-json\/wp\/v2\/product\/742","targetHints":{"allow":["GET"]}}],"collection":[{"href":"https:\/\/storybuggies.pt\/booking\/wp-json\/wp\/v2\/product"}],"about":[{"href":"https:\/\/storybuggies.pt\/booking\/wp-json\/wp\/v2\/types\/product"}],"wp:featuredmedia":[{"embeddable":true,"href":"https:\/\/storybuggies.pt\/booking\/wp-json\/wp\/v2\/media\/316"}],"wp:attachment":[{"href":"https:\/\/storybuggies.pt\/booking\/wp-json\/wp\/v2\/media?parent=742"}],"wp:term":[{"taxonomy":"product_brand","embeddable":true,"href":"https:\/\/storybuggies.pt\/booking\/wp-json\/wp\/v2\/product_brand?post=742"},{"taxonomy":"product_cat","embeddable":true,"href":"https:\/\/storybuggies.pt\/booking\/wp-json\/wp\/v2\/product_cat?post=742"},{"taxonomy":"product_tag","embeddable":true,"href":"https:\/\/storybuggies.pt\/booking\/wp-json\/wp\/v2\/product_tag?post=742"}],"curies":[{"name":"wp","href":"https:\/\/api.w.org\/{rel}","templated":true}]}}