{"id":736,"date":"2025-04-22T17:06:43","date_gmt":"2025-04-22T17:06:43","guid":{"rendered":"https:\/\/storybuggies.pt\/booking\/?post_type=product&#038;p=736"},"modified":"2025-04-22T17:32:35","modified_gmt":"2025-04-22T17:32:35","slug":"passeio-de-buggy-com-experiencia-equestre","status":"publish","type":"product","link":"https:\/\/storybuggies.pt\/booking\/product\/passeio-de-buggy-com-experiencia-equestre\/","title":{"rendered":"Passeio de Buggy com Experi\u00eancia Equestre"},"content":{"rendered":"<p class=\"has-text-dark-color has-text-color has-link-color wp-elements-0f2499a8d505a7b57f7bd48ba9197bf2\"><strong>Descubra a combina\u00e7\u00e3o perfeita entre aventura e tranquilidade!<\/strong><\/p>\n<p class=\"has-text-dark-color has-text-color has-link-color wp-elements-67450ab6bd6cecb030499e70f5ccf55a\">Comece com um emocionante passeio de buggy e termine com uma experi\u00eancia \u00fanica em contacto com o mundo equestre com um passeio a cavalo. Natureza, adrenalina e conex\u00e3o \u2013 tudo numa s\u00f3 aventura!<\/p>\n","protected":false},"excerpt":{"rendered":"<div class=\"wp-block-column is-layout-flow wp-block-column-is-layout-flow\">\n<p class=\"has-text-dark-color has-text-color has-link-color wp-elements-7252bd55b28f5209f27e1f31bb3b3d00\">\u23f1\ufe0f\u00a0<strong>Dura\u00e7\u00e3o<\/strong>: 2h<\/p>\n<p>\ud83d\udc64\u00a0<strong>2 Pessoas<\/strong><\/p>\n<p>&nbsp;<\/p>\n<\/div>\n","protected":false},"featured_media":495,"template":"","meta":[],"product_brand":[],"product_cat":[155],"product_tag":[],"class_list":{"0":"post-736","1":"product","2":"type-product","3":"status-publish","4":"has-post-thumbnail","6":"product_cat-experiencias-360","8":"first","9":"instock","10":"taxable","11":"shipping-taxable","12":"purchasable","13":"product-type-variable"},"_links":{"self":[{"href":"https:\/\/storybuggies.pt\/booking\/wp-json\/wp\/v2\/product\/736","targetHints":{"allow":["GET"]}}],"collection":[{"href":"https:\/\/storybuggies.pt\/booking\/wp-json\/wp\/v2\/product"}],"about":[{"href":"https:\/\/storybuggies.pt\/booking\/wp-json\/wp\/v2\/types\/product"}],"wp:featuredmedia":[{"embeddable":true,"href":"https:\/\/storybuggies.pt\/booking\/wp-json\/wp\/v2\/media\/495"}],"wp:attachment":[{"href":"https:\/\/storybuggies.pt\/booking\/wp-json\/wp\/v2\/media?parent=736"}],"wp:term":[{"taxonomy":"product_brand","embeddable":true,"href":"https:\/\/storybuggies.pt\/booking\/wp-json\/wp\/v2\/product_brand?post=736"},{"taxonomy":"product_cat","embeddable":true,"href":"https:\/\/storybuggies.pt\/booking\/wp-json\/wp\/v2\/product_cat?post=736"},{"taxonomy":"product_tag","embeddable":true,"href":"https:\/\/storybuggies.pt\/booking\/wp-json\/wp\/v2\/product_tag?post=736"}],"curies":[{"name":"wp","href":"https:\/\/api.w.org\/{rel}","templated":true}]}}