{"id":718,"date":"2025-04-22T16:17:46","date_gmt":"2025-04-22T16:17:46","guid":{"rendered":"https:\/\/storybuggies.pt\/booking\/?post_type=product&#038;p=718"},"modified":"2025-06-20T12:09:38","modified_gmt":"2025-06-20T12:09:38","slug":"a-sandes-de-leitao-a-burgues","status":"publish","type":"product","link":"https:\/\/storybuggies.pt\/booking\/product\/a-sandes-de-leitao-a-burgues\/","title":{"rendered":"A Sandes de Leit\u00e3o \u00e0 Burgu\u00eas!"},"content":{"rendered":"<p class=\"has-text-dark-color has-text-color has-link-color wp-elements-d0c704fe6f79059dc3dad1e5477fb264\">Gastronomicamente o nosso leit\u00e3o \u00e0 Bairrada na sua forma mais simples e tradicional, a Sandes de Leit\u00e3o! cumprindo a tradi\u00e7\u00e3o, s\u00e3o leit\u00f5es selecionados, assados em forno de lenha e com grande crit\u00e9rio na escolha de todos os elementos. A sele\u00e7\u00e3o das melhores partes do leit\u00e3o e a escolha do melhor p\u00e3o tradicional feito na Bairrada fazem a conjuga\u00e7\u00e3o perfeita para acompanhar um magnifico espumante da Bairradino!<\/p>\n<div class=\"wp-block-columns is-layout-flex wp-container-core-columns-is-layout-4 wp-block-columns-is-layout-flex\">\n<div class=\"wp-block-column is-layout-flow wp-block-column-is-layout-flow\">\n<p class=\"has-text-dark-color has-text-color has-link-color wp-elements-a2209739b8931e0415ce044e0bc017ae\"><strong>Degusta\u00e7\u00e3o<\/strong>:<br \/>\nSandes de Leit\u00e3o, batata frita caseira, Rissois de leit\u00e3o, Garrafa de Espumante da Bairrada, Sobremesas: Trilogia de chocolate com flor de sal ou morgado do Bussaco, Caf\u00e9s.<\/p>\n<\/div>\n<\/div>\n","protected":false},"excerpt":{"rendered":"<div class=\"wp-block-column is-layout-flow wp-block-column-is-layout-flow\">\n<p class=\"has-text-dark-color has-text-color has-link-color wp-elements-7252bd55b28f5209f27e1f31bb3b3d00\">\u23f1\ufe0f\u00a0<strong>Dura\u00e7\u00e3o<\/strong>: 30m | 60m<\/p>\n<p>&nbsp;<\/p>\n<\/div>\n","protected":false},"featured_media":471,"template":"","meta":[],"product_brand":[],"product_cat":[155],"product_tag":[],"class_list":{"0":"post-718","1":"product","2":"type-product","3":"status-publish","4":"has-post-thumbnail","6":"product_cat-experiencias-360","8":"first","9":"instock","10":"taxable","11":"shipping-taxable","12":"purchasable","13":"product-type-variable"},"_links":{"self":[{"href":"https:\/\/storybuggies.pt\/booking\/wp-json\/wp\/v2\/product\/718","targetHints":{"allow":["GET"]}}],"collection":[{"href":"https:\/\/storybuggies.pt\/booking\/wp-json\/wp\/v2\/product"}],"about":[{"href":"https:\/\/storybuggies.pt\/booking\/wp-json\/wp\/v2\/types\/product"}],"wp:featuredmedia":[{"embeddable":true,"href":"https:\/\/storybuggies.pt\/booking\/wp-json\/wp\/v2\/media\/471"}],"wp:attachment":[{"href":"https:\/\/storybuggies.pt\/booking\/wp-json\/wp\/v2\/media?parent=718"}],"wp:term":[{"taxonomy":"product_brand","embeddable":true,"href":"https:\/\/storybuggies.pt\/booking\/wp-json\/wp\/v2\/product_brand?post=718"},{"taxonomy":"product_cat","embeddable":true,"href":"https:\/\/storybuggies.pt\/booking\/wp-json\/wp\/v2\/product_cat?post=718"},{"taxonomy":"product_tag","embeddable":true,"href":"https:\/\/storybuggies.pt\/booking\/wp-json\/wp\/v2\/product_tag?post=718"}],"curies":[{"name":"wp","href":"https:\/\/api.w.org\/{rel}","templated":true}]}}