{"id":699,"date":"2025-04-22T13:34:58","date_gmt":"2025-04-22T13:34:58","guid":{"rendered":"https:\/\/storybuggies.pt\/booking\/?post_type=product&#038;p=699"},"modified":"2025-06-20T15:59:24","modified_gmt":"2025-06-20T15:59:24","slug":"voucher-gift-bussaco-e-a-serra-magica","status":"publish","type":"product","link":"https:\/\/storybuggies.pt\/booking\/product\/voucher-gift-bussaco-e-a-serra-magica\/","title":{"rendered":"Voucher Gift <br> Bussaco e a Serra m\u00e1gica!"},"content":{"rendered":"<p class=\"has-text-dark-color has-text-color has-link-color wp-elements-0f2499a8d505a7b57f7bd48ba9197bf2\">Subida pela encosta Norte do Bussaco, com visita ao ponto mais alto da Serra do Bu\u00e7aco, Pal\u00e1cio do Bussaco e aldeia do Luso. Percurso com 80 % fora de estrada.<\/p>\n<div class=\"wp-block-column is-layout-flow wp-block-column-is-layout-flow\">\n<p class=\"has-text-dark-color has-text-color has-link-color has-small-font-size wp-elements-0f1d3a54b0047320658592e96941483d\"><strong>Caracter\u00edsticas gerais dos nossos passeios de Jipe:<\/strong><\/p>\n<ul class=\"wp-block-list has-text-dark-color has-text-color has-link-color has-small-font-size wp-elements-f37cbd861fcbaf67436820401aef4b8e\">\n<li>Os valores apresentados consideram o in\u00edcio em Anadia. Podemos ajustar o recolher do cliente nas localidades em redor, com lugar a ajustes no valor de acordo com o destino pretendido.<\/li>\n<li>Os valores apresentados dizem respeito \u00e0 lota\u00e7\u00e3o total, ou seja, ser\u00e1 o mesmo sejam 2 at\u00e9 6 pessoas.<\/li>\n<li>Sob consulta existe a possibilidade de integrar mais jipes para grupos mais numerosos.<\/li>\n<li>Inclui Seguro de Responsabilidade Civil, seguro de acidentes pessoais, guia profissional, a viagem de jipe, fotos<\/li>\n<li>Os valores apresentados j\u00e1 incluem IVA<\/li>\n<\/ul>\n<\/div>\n<p>&nbsp;<\/p>\n","protected":false},"excerpt":{"rendered":"<div class=\"wp-block-column is-layout-flow wp-block-column-is-layout-flow\">\n<div class=\"wp-block-column is-layout-flow wp-block-column-is-layout-flow\">\n<p class=\"has-text-dark-color has-text-color has-link-color wp-elements-5d71360425d80ef54f2cd355d22bd6d4\">\u23f1\ufe0f\u00a0<strong>Dura\u00e7\u00e3o<\/strong>: 3h<\/p>\n<\/div>\n<div><\/div>\n<div class=\"wp-block-column is-layout-flow wp-block-column-is-layout-flow\"><strong>Valor por Jipe<\/strong><strong><br \/>\n<\/strong>(Capacidade at\u00e9 6 pessoas)<\/div>\n<p><strong>\u24d8\u00a0<\/strong>Ap\u00f3s a compra do seu gift voucher, ter\u00e1 12 meses para escolher a data da atividade, de acordo com o nosso calend\u00e1rio de disponibilidade.<\/p>\n<\/div>\n<p>&nbsp;<\/p>\n","protected":false},"featured_media":555,"template":"","meta":[],"product_brand":[],"product_cat":[158,77],"product_tag":[],"class_list":{"0":"post-699","1":"product","2":"type-product","3":"status-publish","4":"has-post-thumbnail","6":"product_cat-passeios-todo-terreno","7":"product_cat-voucher","9":"first","10":"instock","11":"taxable","12":"shipping-taxable","13":"purchasable","14":"product-type-simple"},"_links":{"self":[{"href":"https:\/\/storybuggies.pt\/booking\/wp-json\/wp\/v2\/product\/699","targetHints":{"allow":["GET"]}}],"collection":[{"href":"https:\/\/storybuggies.pt\/booking\/wp-json\/wp\/v2\/product"}],"about":[{"href":"https:\/\/storybuggies.pt\/booking\/wp-json\/wp\/v2\/types\/product"}],"wp:featuredmedia":[{"embeddable":true,"href":"https:\/\/storybuggies.pt\/booking\/wp-json\/wp\/v2\/media\/555"}],"wp:attachment":[{"href":"https:\/\/storybuggies.pt\/booking\/wp-json\/wp\/v2\/media?parent=699"}],"wp:term":[{"taxonomy":"product_brand","embeddable":true,"href":"https:\/\/storybuggies.pt\/booking\/wp-json\/wp\/v2\/product_brand?post=699"},{"taxonomy":"product_cat","embeddable":true,"href":"https:\/\/storybuggies.pt\/booking\/wp-json\/wp\/v2\/product_cat?post=699"},{"taxonomy":"product_tag","embeddable":true,"href":"https:\/\/storybuggies.pt\/booking\/wp-json\/wp\/v2\/product_tag?post=699"}],"curies":[{"name":"wp","href":"https:\/\/api.w.org\/{rel}","templated":true}]}}