{"id":570,"date":"2024-12-11T11:27:01","date_gmt":"2024-12-11T11:27:01","guid":{"rendered":"https:\/\/storybuggies.pt\/booking\/?post_type=product&#038;p=570"},"modified":"2025-06-20T15:49:12","modified_gmt":"2025-06-20T15:49:12","slug":"caramulo-e-os-gigantes-de-vento","status":"publish","type":"product","link":"https:\/\/storybuggies.pt\/booking\/product\/caramulo-e-os-gigantes-de-vento\/","title":{"rendered":"Caramulo e os gigantes de vento!"},"content":{"rendered":"<p class=\"has-small-font-size\">Um passeio desde a vinha, passando pela serra e com destino a Montanha!!! Vamos desde os 70 mts de altitude at\u00e9 aos 1075 de altitude no ponto mais alto da Serra do Caramulo, o Caramulinho. Vamos cruzar um dos mais imponentes campos de e\u00f3licas co caramulo, com paragem numa pequena aldeia da Serra, onde podem fazer um pequeno refor\u00e7o na Tasca do Ti Cardoso<\/p>\n<div class=\"wp-block-column is-layout-flow wp-block-column-is-layout-flow\">\n<p>&nbsp;<\/p>\n<p class=\"has-text-dark-color has-text-color has-link-color has-small-font-size wp-elements-0f1d3a54b0047320658592e96941483d\"><strong>Caracter\u00edsticas gerais dos nossos passeios de Jipe:<\/strong><\/p>\n<ul class=\"wp-block-list has-text-dark-color has-text-color has-link-color has-small-font-size wp-elements-f37cbd861fcbaf67436820401aef4b8e\">\n<li>Os valores apresentados consideram o in\u00edcio em Anadia. Podemos ajustar o recolher do cliente nas localidades em redor, com lugar a ajustes no valor de acordo com o destino pretendido.<\/li>\n<li>Os valores apresentados dizem respeito \u00e0 lota\u00e7\u00e3o total, ou seja, ser\u00e1 o mesmo sejam 2 at\u00e9 6 pessoas.<\/li>\n<li>Sob consulta existe a possibilidade de integrar mais jipes para grupos mais numerosos.<\/li>\n<li>Inclui Seguro de Responsabilidade Civil, seguro de acidentes pessoais, guia profissional, a viagem de jipe, fotos<\/li>\n<li>Os valores apresentados j\u00e1 incluem IVA<\/li>\n<\/ul>\n<\/div>\n<p>&nbsp;<\/p>\n","protected":false},"excerpt":{"rendered":"<div class=\"wp-block-column is-layout-flow wp-block-column-is-layout-flow\">\n<div class=\"wp-block-column is-layout-flow wp-block-column-is-layout-flow\">\n<div class=\"wp-block-column is-layout-flow wp-block-column-is-layout-flow\">\n<div class=\"wp-block-column is-layout-flow wp-block-column-is-layout-flow\">\n<div class=\"wp-block-column is-layout-flow wp-block-column-is-layout-flow\">\n<p class=\"has-text-dark-color has-text-color has-link-color wp-elements-52ca3f3632156529ad4342b9331ae5a5\">\u23f1\ufe0f\u00a0<strong>Dura\u00e7\u00e3o<\/strong>: 4h<\/p>\n<\/div>\n<div class=\"wp-block-column is-layout-flow wp-block-column-is-layout-flow\">\n<p class=\"has-text-dark-color has-text-color has-link-color wp-elements-b0f4db4b04ed6db3388cc8625b09eb7f\"><strong>Valor por Jipe<br \/>\n<\/strong>(Capacidade at\u00e9 6 pessoas)<\/p>\n<\/div>\n<\/div>\n<\/div>\n<\/div>\n<\/div>\n","protected":false},"featured_media":573,"template":"","meta":[],"product_brand":[],"product_cat":[158],"product_tag":[],"class_list":{"0":"post-570","1":"product","2":"type-product","3":"status-publish","4":"has-post-thumbnail","6":"product_cat-passeios-todo-terreno","8":"first","9":"instock","10":"taxable","11":"shipping-taxable","12":"purchasable","13":"product-type-simple"},"_links":{"self":[{"href":"https:\/\/storybuggies.pt\/booking\/wp-json\/wp\/v2\/product\/570","targetHints":{"allow":["GET"]}}],"collection":[{"href":"https:\/\/storybuggies.pt\/booking\/wp-json\/wp\/v2\/product"}],"about":[{"href":"https:\/\/storybuggies.pt\/booking\/wp-json\/wp\/v2\/types\/product"}],"wp:featuredmedia":[{"embeddable":true,"href":"https:\/\/storybuggies.pt\/booking\/wp-json\/wp\/v2\/media\/573"}],"wp:attachment":[{"href":"https:\/\/storybuggies.pt\/booking\/wp-json\/wp\/v2\/media?parent=570"}],"wp:term":[{"taxonomy":"product_brand","embeddable":true,"href":"https:\/\/storybuggies.pt\/booking\/wp-json\/wp\/v2\/product_brand?post=570"},{"taxonomy":"product_cat","embeddable":true,"href":"https:\/\/storybuggies.pt\/booking\/wp-json\/wp\/v2\/product_cat?post=570"},{"taxonomy":"product_tag","embeddable":true,"href":"https:\/\/storybuggies.pt\/booking\/wp-json\/wp\/v2\/product_tag?post=570"}],"curies":[{"name":"wp","href":"https:\/\/api.w.org\/{rel}","templated":true}]}}