{"id":480,"date":"2024-12-11T10:03:18","date_gmt":"2024-12-11T10:03:18","guid":{"rendered":"https:\/\/storybuggies.pt\/booking\/?post_type=product&#038;p=480"},"modified":"2025-06-20T15:17:58","modified_gmt":"2025-06-20T15:17:58","slug":"voucher-gift-natureza-a-2-tempos-e-2-ritmos","status":"publish","type":"product","link":"https:\/\/storybuggies.pt\/booking\/product\/voucher-gift-natureza-a-2-tempos-e-2-ritmos\/","title":{"rendered":"Voucher Gift <br> Natureza a 2 tempos e 2 Ritmos!"},"content":{"rendered":"<p class=\"has-text-dark-color has-text-color has-link-color wp-elements-2091ce4d274feacc3f843bdde7b999f2\"><strong>Duas formas diferentes de ver, sentir e percorrer a natureza!<\/strong><\/p>\n<p class=\"has-text-dark-color has-text-color has-link-color wp-elements-b87301a09556bf9f8db45dca154f183b\">A experi\u00eancia de Buggy e uma experi\u00eancia pedonal apenas para duas pessoas com direito a guia pessoal e aos melhores trilhos que o Bussaco ou os vinhedos da Bairrada t\u00eam.<\/p>\n<div class=\"wp-block-columns is-layout-flex wp-container-core-columns-is-layout-8 wp-block-columns-is-layout-flex\">\n<div class=\"wp-block-column is-layout-flow wp-block-column-is-layout-flow\">\n<p class=\"has-text-dark-color has-text-color has-link-color wp-elements-d068ca2bced7eea5dc852f4068e29a63\"><strong>Caminhada<\/strong>:<br \/>\nPela Serra do bussaco ou Vinhedos Bairrada\u00a0<i>(aproximadamente 2h)<\/i><\/p>\n<\/div>\n<\/div>\n","protected":false},"excerpt":{"rendered":"<div class=\"wp-block-column is-layout-flow wp-block-column-is-layout-flow\">\n<p class=\"has-text-dark-color has-text-color has-link-color wp-elements-7252bd55b28f5209f27e1f31bb3b3d00\">\u23f1\ufe0f\u00a0<strong>Dura\u00e7\u00e3o<\/strong>: 30m | 60m<\/p>\n<p>&nbsp;<\/p>\n<p>&nbsp;<\/p>\n<\/div>\n<p><span style=\"font-size: 16px;\"><strong>\u24d8\u00a0<\/strong>Ap\u00f3s a compra do seu gift voucher, ter\u00e1 12 meses para escolher a data da atividade, de acordo com o nosso calend\u00e1rio de disponibilidade.\u00a0<\/span><\/p>\n","protected":false},"featured_media":483,"template":"","meta":[],"product_brand":[],"product_cat":[155,77],"product_tag":[],"class_list":{"0":"post-480","1":"product","2":"type-product","3":"status-publish","4":"has-post-thumbnail","6":"product_cat-experiencias-360","7":"product_cat-voucher","9":"first","10":"instock","11":"taxable","12":"shipping-taxable","13":"purchasable","14":"product-type-variable"},"_links":{"self":[{"href":"https:\/\/storybuggies.pt\/booking\/wp-json\/wp\/v2\/product\/480","targetHints":{"allow":["GET"]}}],"collection":[{"href":"https:\/\/storybuggies.pt\/booking\/wp-json\/wp\/v2\/product"}],"about":[{"href":"https:\/\/storybuggies.pt\/booking\/wp-json\/wp\/v2\/types\/product"}],"wp:featuredmedia":[{"embeddable":true,"href":"https:\/\/storybuggies.pt\/booking\/wp-json\/wp\/v2\/media\/483"}],"wp:attachment":[{"href":"https:\/\/storybuggies.pt\/booking\/wp-json\/wp\/v2\/media?parent=480"}],"wp:term":[{"taxonomy":"product_brand","embeddable":true,"href":"https:\/\/storybuggies.pt\/booking\/wp-json\/wp\/v2\/product_brand?post=480"},{"taxonomy":"product_cat","embeddable":true,"href":"https:\/\/storybuggies.pt\/booking\/wp-json\/wp\/v2\/product_cat?post=480"},{"taxonomy":"product_tag","embeddable":true,"href":"https:\/\/storybuggies.pt\/booking\/wp-json\/wp\/v2\/product_tag?post=480"}],"curies":[{"name":"wp","href":"https:\/\/api.w.org\/{rel}","templated":true}]}}