{"id":474,"date":"2024-12-11T09:59:44","date_gmt":"2024-12-11T09:59:44","guid":{"rendered":"https:\/\/storybuggies.pt\/booking\/?post_type=product&#038;p=474"},"modified":"2025-06-20T15:17:04","modified_gmt":"2025-06-20T15:17:04","slug":"voucher-gift-bairrada-e-as-suas-caves-centenarias","status":"publish","type":"product","link":"https:\/\/storybuggies.pt\/booking\/product\/voucher-gift-bairrada-e-as-suas-caves-centenarias\/","title":{"rendered":"Voucher Gift <br> Bairrada e as suas Caves Centen\u00e1rias!"},"content":{"rendered":"<p class=\"has-text-dark-color has-text-color has-link-color wp-elements-1b6a6003023d2a435c65eb78f83ffa95\">Visitar a Bairrada e n\u00e3o conhecer uma das suas caves de refer\u00eancia seria um crime! Com esta experi\u00eancia 360\u00ba pode proporcionar al\u00e9m do passeio de Buggy uma visita guiada \u00e0s caves Messias e toda a sua hist\u00f3ria centen\u00e1ria, finalizando o momento com a degusta\u00e7\u00e3o de um espumante e acompanhado de uma bela t\u00e1bua de queijos!<\/p>\n<div class=\"wp-block-columns is-layout-flex wp-container-core-columns-is-layout-6 wp-block-columns-is-layout-flex\">\n<div class=\"wp-block-column is-layout-flow wp-block-column-is-layout-flow\">\n<p class=\"has-text-dark-color has-text-color has-link-color wp-elements-315bd0b577cf0cdcca1536d8bed381ca\"><strong>Degusta\u00e7\u00e3o<\/strong>:<br \/>\nDegusta\u00e7\u00e3o de Espumante e t\u00e1bua de queijos a p\u00f3s a visita guiada \u00e0s Caves Messias (aproximadamente 1h)<\/p>\n<\/div>\n<\/div>\n","protected":false},"excerpt":{"rendered":"<div class=\"wp-block-column is-layout-flow wp-block-column-is-layout-flow\">\n<p class=\"has-text-dark-color has-text-color has-link-color wp-elements-7252bd55b28f5209f27e1f31bb3b3d00\">\u23f1\ufe0f\u00a0<strong>Dura\u00e7\u00e3o<\/strong>: 30m | 60m<\/p>\n<p>&nbsp;<\/p>\n<\/div>\n<p><span style=\"font-size: 16px;\"><strong>\u24d8\u00a0<\/strong>Ap\u00f3s a compra do seu gift voucher, ter\u00e1 12 meses para escolher a data da atividade, de acordo com o nosso calend\u00e1rio de disponibilidade.\u00a0<\/span><\/p>\n","protected":false},"featured_media":477,"template":"","meta":[],"product_brand":[],"product_cat":[155,77],"product_tag":[],"class_list":{"0":"post-474","1":"product","2":"type-product","3":"status-publish","4":"has-post-thumbnail","6":"product_cat-experiencias-360","7":"product_cat-voucher","9":"first","10":"instock","11":"taxable","12":"shipping-taxable","13":"purchasable","14":"product-type-variable"},"_links":{"self":[{"href":"https:\/\/storybuggies.pt\/booking\/wp-json\/wp\/v2\/product\/474","targetHints":{"allow":["GET"]}}],"collection":[{"href":"https:\/\/storybuggies.pt\/booking\/wp-json\/wp\/v2\/product"}],"about":[{"href":"https:\/\/storybuggies.pt\/booking\/wp-json\/wp\/v2\/types\/product"}],"wp:featuredmedia":[{"embeddable":true,"href":"https:\/\/storybuggies.pt\/booking\/wp-json\/wp\/v2\/media\/477"}],"wp:attachment":[{"href":"https:\/\/storybuggies.pt\/booking\/wp-json\/wp\/v2\/media?parent=474"}],"wp:term":[{"taxonomy":"product_brand","embeddable":true,"href":"https:\/\/storybuggies.pt\/booking\/wp-json\/wp\/v2\/product_brand?post=474"},{"taxonomy":"product_cat","embeddable":true,"href":"https:\/\/storybuggies.pt\/booking\/wp-json\/wp\/v2\/product_cat?post=474"},{"taxonomy":"product_tag","embeddable":true,"href":"https:\/\/storybuggies.pt\/booking\/wp-json\/wp\/v2\/product_tag?post=474"}],"curies":[{"name":"wp","href":"https:\/\/api.w.org\/{rel}","templated":true}]}}