{"id":300,"date":"2024-12-03T16:44:08","date_gmt":"2024-12-03T16:44:08","guid":{"rendered":"https:\/\/storybuggies.pt\/booking\/?post_type=product&#038;p=300"},"modified":"2024-12-03T16:58:17","modified_gmt":"2024-12-03T16:58:17","slug":"voucher-gift-por-do-sol-no-bussaco","status":"publish","type":"product","link":"https:\/\/storybuggies.pt\/booking\/product\/voucher-gift-por-do-sol-no-bussaco\/","title":{"rendered":"Voucher Gift <br> P\u00f4r-do-Sol no Bussaco"},"content":{"rendered":"<p>Subida diurna \u00e0 Bussaco, cruzando a encosta Norte e as suas aldeias, com paragem para ver o P\u00f4r-do-Sol na Cruz Alta quase aos 600 metros de altitude com o Atl\u00e2ntico ao longe. Ap\u00f3s o Por-do-Sol retomamos viagem com o anoitecer sobre n\u00f3s, acabando o percurso j\u00e1 em modo noturno<\/p>\n","protected":false},"excerpt":{"rendered":"<div class=\"wp-block-column is-layout-flow wp-block-column-is-layout-flow\">\n<p class=\"has-text-dark-color has-text-color has-link-color wp-elements-7252bd55b28f5209f27e1f31bb3b3d00\">\u23f1\ufe0f\u00a0<strong>Dura\u00e7\u00e3o<\/strong>: 120 min \u2609 Buggy 2 Pessoas 135\u20ac \u2609 Buggy 4 Pessoas 235\u20ac<\/p>\n<p>&nbsp;<\/p>\n<\/div>\n<p><span style=\"font-size: 16px;\"><strong>\u24d8\u00a0<\/strong>Ap\u00f3s a compra do seu gift voucher, ter\u00e1 12 meses para escolher a data da atividade, de acordo com o nosso calend\u00e1rio de disponibilidade.\u00a0<\/span><\/p>\n","protected":false},"featured_media":305,"template":"","meta":[],"product_brand":[],"product_cat":[19,77],"product_tag":[],"class_list":{"0":"post-300","1":"product","2":"type-product","3":"status-publish","4":"has-post-thumbnail","6":"product_cat-passeios-de-buggy","7":"product_cat-voucher","9":"first","10":"instock","11":"taxable","12":"shipping-taxable","13":"purchasable","14":"product-type-variable"},"_links":{"self":[{"href":"https:\/\/storybuggies.pt\/booking\/wp-json\/wp\/v2\/product\/300","targetHints":{"allow":["GET"]}}],"collection":[{"href":"https:\/\/storybuggies.pt\/booking\/wp-json\/wp\/v2\/product"}],"about":[{"href":"https:\/\/storybuggies.pt\/booking\/wp-json\/wp\/v2\/types\/product"}],"wp:featuredmedia":[{"embeddable":true,"href":"https:\/\/storybuggies.pt\/booking\/wp-json\/wp\/v2\/media\/305"}],"wp:attachment":[{"href":"https:\/\/storybuggies.pt\/booking\/wp-json\/wp\/v2\/media?parent=300"}],"wp:term":[{"taxonomy":"product_brand","embeddable":true,"href":"https:\/\/storybuggies.pt\/booking\/wp-json\/wp\/v2\/product_brand?post=300"},{"taxonomy":"product_cat","embeddable":true,"href":"https:\/\/storybuggies.pt\/booking\/wp-json\/wp\/v2\/product_cat?post=300"},{"taxonomy":"product_tag","embeddable":true,"href":"https:\/\/storybuggies.pt\/booking\/wp-json\/wp\/v2\/product_tag?post=300"}],"curies":[{"name":"wp","href":"https:\/\/api.w.org\/{rel}","templated":true}]}}