{"id":294,"date":"2024-12-03T16:42:10","date_gmt":"2024-12-03T16:42:10","guid":{"rendered":"https:\/\/storybuggies.pt\/booking\/?post_type=product&#038;p=294"},"modified":"2024-12-03T16:58:22","modified_gmt":"2024-12-03T16:58:22","slug":"voucher-gift-rota-do-vinho-e-da-vinha-da-bairrada","status":"publish","type":"product","link":"https:\/\/storybuggies.pt\/booking\/product\/voucher-gift-rota-do-vinho-e-da-vinha-da-bairrada\/","title":{"rendered":"Voucher Gift <br> Rota do Vinho e da Vinha da Bairrada"},"content":{"rendered":"<p>Sa\u00edda da aldeia na dire\u00e7\u00e3o das vinhas da Bairrada cruzando campos de vinhas bairradinos, e paragem na Rota da Bairrada para visita e degusta\u00e7\u00e3o de um espumante.<\/p>\n","protected":false},"excerpt":{"rendered":"<div class=\"wp-block-column is-layout-flow wp-block-column-is-layout-flow\">\n<p class=\"has-text-dark-color has-text-color has-link-color wp-elements-7252bd55b28f5209f27e1f31bb3b3d00\">\u23f1\ufe0f\u00a0<strong>Dura\u00e7\u00e3o<\/strong>: 120 min \u2609 Buggy 2 Pessoas 125\u20ac \u2609 Buggy 4 Pessoas 220\u20ac<\/p>\n<p>&nbsp;<\/p>\n<\/div>\n<p><span style=\"font-size: 16px;\"><strong>\u24d8\u00a0<\/strong>Ap\u00f3s a compra do seu gift voucher, ter\u00e1 12 meses para escolher a data da atividade, de acordo com o nosso calend\u00e1rio de disponibilidade.\u00a0<\/span><\/p>\n","protected":false},"featured_media":299,"template":"","meta":[],"product_brand":[],"product_cat":[19,77],"product_tag":[],"class_list":{"0":"post-294","1":"product","2":"type-product","3":"status-publish","4":"has-post-thumbnail","6":"product_cat-passeios-de-buggy","7":"product_cat-voucher","9":"first","10":"instock","11":"taxable","12":"shipping-taxable","13":"purchasable","14":"product-type-variable"},"_links":{"self":[{"href":"https:\/\/storybuggies.pt\/booking\/wp-json\/wp\/v2\/product\/294","targetHints":{"allow":["GET"]}}],"collection":[{"href":"https:\/\/storybuggies.pt\/booking\/wp-json\/wp\/v2\/product"}],"about":[{"href":"https:\/\/storybuggies.pt\/booking\/wp-json\/wp\/v2\/types\/product"}],"wp:featuredmedia":[{"embeddable":true,"href":"https:\/\/storybuggies.pt\/booking\/wp-json\/wp\/v2\/media\/299"}],"wp:attachment":[{"href":"https:\/\/storybuggies.pt\/booking\/wp-json\/wp\/v2\/media?parent=294"}],"wp:term":[{"taxonomy":"product_brand","embeddable":true,"href":"https:\/\/storybuggies.pt\/booking\/wp-json\/wp\/v2\/product_brand?post=294"},{"taxonomy":"product_cat","embeddable":true,"href":"https:\/\/storybuggies.pt\/booking\/wp-json\/wp\/v2\/product_cat?post=294"},{"taxonomy":"product_tag","embeddable":true,"href":"https:\/\/storybuggies.pt\/booking\/wp-json\/wp\/v2\/product_tag?post=294"}],"curies":[{"name":"wp","href":"https:\/\/api.w.org\/{rel}","templated":true}]}}