{"id":271,"date":"2024-12-03T16:07:32","date_gmt":"2024-12-03T16:07:32","guid":{"rendered":"https:\/\/storybuggies.pt\/booking\/?post_type=product&#038;p=271"},"modified":"2024-12-03T16:58:41","modified_gmt":"2024-12-03T16:58:41","slug":"voucher-gift-bairrada-e-as-termas-da-curia","status":"publish","type":"product","link":"https:\/\/storybuggies.pt\/booking\/product\/voucher-gift-bairrada-e-as-termas-da-curia\/","title":{"rendered":"Voucher Gift <br> Bairrada e as Termas da Curia!"},"content":{"rendered":"<p>Uma experi\u00eancia que sai da serra na dire\u00e7\u00e3o dos vinhedos da Bairrada, com destino \u00e0 zona termal da Curia. Um misto de serra e vinha, com foco na zona termal da Curia e arredores de Anadia.<\/p>\n","protected":false},"excerpt":{"rendered":"<div class=\"wp-block-column is-layout-flow wp-block-column-is-layout-flow\">\n<p class=\"has-text-dark-color has-text-color has-link-color wp-elements-7252bd55b28f5209f27e1f31bb3b3d00\">\u23f1\ufe0f\u00a0<strong>Dura\u00e7\u00e3o<\/strong>: 60 min \u2609 Buggy\u00a02\u00a0Pessoas\u00a070\u20ac \u2609 Buggy\u00a04\u00a0Pessoas\u00a0120\u20ac<\/p>\n<p>&nbsp;<\/p>\n<\/div>\n<p><span style=\"font-size: 16px;\"><strong>\u24d8\u00a0<\/strong>Ap\u00f3s a compra do seu gift voucher, ter\u00e1 12 meses para escolher a data da atividade, de acordo com o nosso calend\u00e1rio de disponibilidade.\u00a0<\/span><\/p>\n","protected":false},"featured_media":274,"template":"","meta":[],"product_brand":[],"product_cat":[19,77],"product_tag":[],"class_list":{"0":"post-271","1":"product","2":"type-product","3":"status-publish","4":"has-post-thumbnail","6":"product_cat-passeios-de-buggy","7":"product_cat-voucher","9":"first","10":"instock","11":"taxable","12":"shipping-taxable","13":"purchasable","14":"product-type-variable"},"_links":{"self":[{"href":"https:\/\/storybuggies.pt\/booking\/wp-json\/wp\/v2\/product\/271","targetHints":{"allow":["GET"]}}],"collection":[{"href":"https:\/\/storybuggies.pt\/booking\/wp-json\/wp\/v2\/product"}],"about":[{"href":"https:\/\/storybuggies.pt\/booking\/wp-json\/wp\/v2\/types\/product"}],"wp:featuredmedia":[{"embeddable":true,"href":"https:\/\/storybuggies.pt\/booking\/wp-json\/wp\/v2\/media\/274"}],"wp:attachment":[{"href":"https:\/\/storybuggies.pt\/booking\/wp-json\/wp\/v2\/media?parent=271"}],"wp:term":[{"taxonomy":"product_brand","embeddable":true,"href":"https:\/\/storybuggies.pt\/booking\/wp-json\/wp\/v2\/product_brand?post=271"},{"taxonomy":"product_cat","embeddable":true,"href":"https:\/\/storybuggies.pt\/booking\/wp-json\/wp\/v2\/product_cat?post=271"},{"taxonomy":"product_tag","embeddable":true,"href":"https:\/\/storybuggies.pt\/booking\/wp-json\/wp\/v2\/product_tag?post=271"}],"curies":[{"name":"wp","href":"https:\/\/api.w.org\/{rel}","templated":true}]}}