{"id":7,"date":"2024-11-28T19:05:38","date_gmt":"2024-11-28T19:05:38","guid":{"rendered":"https:\/\/storybuggies.pt\/booking\/cart\/"},"modified":"2024-12-03T15:26:17","modified_gmt":"2024-12-03T15:26:17","slug":"cart","status":"publish","type":"page","link":"https:\/\/storybuggies.pt\/booking\/cart\/","title":{"rendered":"Carrinho"},"content":{"rendered":"\n<div data-block-name=\"woocommerce\/cart\" class=\"wp-block-woocommerce-cart alignwide is-loading\">\n<div data-block-name=\"woocommerce\/filled-cart-block\" class=\"wp-block-woocommerce-filled-cart-block\">\n<div data-block-name=\"woocommerce\/cart-items-block\" class=\"wp-block-woocommerce-cart-items-block\">\n<div data-block-name=\"woocommerce\/cart-line-items-block\" class=\"wp-block-woocommerce-cart-line-items-block\"><\/div>\n\n\n\n<div data-block-name=\"woocommerce\/cart-cross-sells-block\" class=\"wp-block-woocommerce-cart-cross-sells-block\">\n<h2 class=\"wp-block-heading has-large-font-size\">You may be interested in\u2026<\/h2>\n\n\n\n<div data-block-name=\"woocommerce\/cart-cross-sells-products-block\" class=\"wp-block-woocommerce-cart-cross-sells-products-block\"><\/div>\n<\/div>\n<\/div>\n\n\n\n<div data-block-name=\"woocommerce\/cart-totals-block\" class=\"wp-block-woocommerce-cart-totals-block\">\n<div data-block-name=\"woocommerce\/cart-order-summary-block\" class=\"wp-block-woocommerce-cart-order-summary-block\">\n<div data-block-name=\"woocommerce\/cart-order-summary-heading-block\" class=\"wp-block-woocommerce-cart-order-summary-heading-block\"><\/div><div data-block-name=\"woocommerce\/cart-order-summary-coupon-form-block\" class=\"wp-block-woocommerce-cart-order-summary-coupon-form-block\"><\/div><div data-block-name=\"woocommerce\/cart-order-summary-totals-block\" class=\"wp-block-woocommerce-cart-order-summary-totals-block\">\n<div data-block-name=\"woocommerce\/cart-order-summary-subtotal-block\" class=\"wp-block-woocommerce-cart-order-summary-subtotal-block\"><\/div>\n<div data-block-name=\"woocommerce\/cart-order-summary-discount-block\" class=\"wp-block-woocommerce-cart-order-summary-discount-block\"><\/div>\n<div data-block-name=\"woocommerce\/cart-order-summary-fee-block\" class=\"wp-block-woocommerce-cart-order-summary-fee-block\"><\/div>\n<div data-block-name=\"woocommerce\/cart-order-summary-shipping-block\" class=\"wp-block-woocommerce-cart-order-summary-shipping-block\"><\/div>\n<div data-block-name=\"woocommerce\/cart-order-summary-taxes-block\" class=\"wp-block-woocommerce-cart-order-summary-taxes-block\"><\/div><\/div>\n<\/div>\n\n\n\n<div data-block-name=\"woocommerce\/cart-express-payment-block\" class=\"wp-block-woocommerce-cart-express-payment-block\"><\/div>\n\n\n\n<div data-block-name=\"woocommerce\/proceed-to-checkout-block\" class=\"wp-block-woocommerce-proceed-to-checkout-block\"><\/div>\n\n\n\n<div data-block-name=\"woocommerce\/cart-accepted-payment-methods-block\" class=\"wp-block-woocommerce-cart-accepted-payment-methods-block\"><\/div>\n<\/div>\n<\/div>\n\n\n\n<div data-block-name=\"woocommerce\/empty-cart-block\" class=\"wp-block-woocommerce-empty-cart-block\">\n<h2 class=\"wp-block-heading has-text-align-center with-empty-cart-icon wc-block-cart__empty-cart__title\">Your cart is currently empty!<\/h2>\n\n\n\n<hr class=\"wp-block-separator has-alpha-channel-opacity is-style-dots\"\/>\n\n\n\n<h2 class=\"wp-block-heading has-text-align-center\">New in store<\/h2>\n\n\n<div data-block-name=\"woocommerce\/product-new\" data-columns=\"4\" data-rows=\"1\" class=\"wc-block-grid wp-block-product-new wp-block-woocommerce-product-new wc-block-product-new has-4-columns\"><ul class=\"wc-block-grid__products\"><li class=\"wc-block-grid__product\">\n\t\t\t\t<a href=\"https:\/\/storybuggies.pt\/booking\/product\/passeio-noturno\/\" class=\"wc-block-grid__product-link\">\n\t\t\t\t\t\n\t\t\t\t\t<div class=\"wc-block-grid__product-image\"><img fetchpriority=\"high\" decoding=\"async\" width=\"300\" height=\"300\" src=\"https:\/\/storybuggies.pt\/booking\/wp-content\/uploads\/2024\/12\/noturno-1-1024x768-1-300x300.webp\" class=\"attachment-woocommerce_thumbnail size-woocommerce_thumbnail\" alt=\"Passeio Noturno\" srcset=\"https:\/\/storybuggies.pt\/booking\/wp-content\/uploads\/2024\/12\/noturno-1-1024x768-1-300x300.webp 300w, https:\/\/storybuggies.pt\/booking\/wp-content\/uploads\/2024\/12\/noturno-1-1024x768-1-100x100.webp 100w, https:\/\/storybuggies.pt\/booking\/wp-content\/uploads\/2024\/12\/noturno-1-1024x768-1-150x150.webp 150w, https:\/\/storybuggies.pt\/booking\/wp-content\/uploads\/2024\/12\/noturno-1-1024x768-1-600x600.webp 600w\" sizes=\"(max-width: 300px) 100vw, 300px\" \/><\/div>\n\t\t\t\t\t<div class=\"wc-block-grid__product-title\">Passeio Noturno<\/div>\n\t\t\t\t<\/a>\n\t\t\t\t<div class=\"wc-block-grid__product-price price\"><span class=\"woocommerce-Price-amount amount\" aria-hidden=\"true\">110.00<span class=\"woocommerce-Price-currencySymbol\">&euro;<\/span><\/span> <span aria-hidden=\"true\">&ndash;<\/span> <span class=\"woocommerce-Price-amount amount\" aria-hidden=\"true\">170.00<span class=\"woocommerce-Price-currencySymbol\">&euro;<\/span><\/span><span class=\"screen-reader-text\">Price range: 110.00&euro; through 170.00&euro;<\/span><\/div>\n\t\t\t\t\n\t\t\t\t<div class=\"wp-block-button wc-block-grid__product-add-to-cart\"><a href=\"https:\/\/storybuggies.pt\/booking\/product\/passeio-noturno\/\" aria-label=\"Seleccione as op\u00e7\u00f5es para &ldquo;Passeio Noturno&rdquo;\" data-quantity=\"1\" data-product_id=\"745\" data-product_sku=\"\" data-price=\"110\" rel=\"nofollow\" class=\"wp-block-button__link  add_to_cart_button\">Ver op\u00e7\u00f5es<\/a><\/div>\n\t\t\t<\/li><li class=\"wc-block-grid__product\">\n\t\t\t\t<a href=\"https:\/\/storybuggies.pt\/booking\/product\/nascer-do-sol-no-bussaco\/\" class=\"wc-block-grid__product-link\">\n\t\t\t\t\t\n\t\t\t\t\t<div class=\"wc-block-grid__product-image\"><img decoding=\"async\" width=\"300\" height=\"300\" src=\"https:\/\/storybuggies.pt\/booking\/wp-content\/uploads\/2024\/12\/nascer-2-1024x768-1-300x300.webp\" class=\"attachment-woocommerce_thumbnail size-woocommerce_thumbnail\" alt=\"Nascer-do-Sol no Bussaco\" srcset=\"https:\/\/storybuggies.pt\/booking\/wp-content\/uploads\/2024\/12\/nascer-2-1024x768-1-300x300.webp 300w, https:\/\/storybuggies.pt\/booking\/wp-content\/uploads\/2024\/12\/nascer-2-1024x768-1-100x100.webp 100w, https:\/\/storybuggies.pt\/booking\/wp-content\/uploads\/2024\/12\/nascer-2-1024x768-1-150x150.webp 150w, https:\/\/storybuggies.pt\/booking\/wp-content\/uploads\/2024\/12\/nascer-2-1024x768-1-600x600.webp 600w\" sizes=\"(max-width: 300px) 100vw, 300px\" \/><\/div>\n\t\t\t\t\t<div class=\"wc-block-grid__product-title\">Nascer-do-Sol no Bussaco<\/div>\n\t\t\t\t<\/a>\n\t\t\t\t<div class=\"wc-block-grid__product-price price\"><span class=\"woocommerce-Price-amount amount\" aria-hidden=\"true\">175.00<span class=\"woocommerce-Price-currencySymbol\">&euro;<\/span><\/span> <span aria-hidden=\"true\">&ndash;<\/span> <span class=\"woocommerce-Price-amount amount\" aria-hidden=\"true\">350.00<span class=\"woocommerce-Price-currencySymbol\">&euro;<\/span><\/span><span class=\"screen-reader-text\">Price range: 175.00&euro; through 350.00&euro;<\/span><\/div>\n\t\t\t\t\n\t\t\t\t<div class=\"wp-block-button wc-block-grid__product-add-to-cart\"><a href=\"https:\/\/storybuggies.pt\/booking\/product\/nascer-do-sol-no-bussaco\/\" aria-label=\"Seleccione as op\u00e7\u00f5es para &ldquo;Nascer-do-Sol no Bussaco&rdquo;\" data-quantity=\"1\" data-product_id=\"742\" data-product_sku=\"\" data-price=\"175\" rel=\"nofollow\" class=\"wp-block-button__link  add_to_cart_button\">Ver op\u00e7\u00f5es<\/a><\/div>\n\t\t\t<\/li><li class=\"wc-block-grid__product\">\n\t\t\t\t<a href=\"https:\/\/storybuggies.pt\/booking\/product\/passeio-de-buggy-com-experiencia-equestre\/\" class=\"wc-block-grid__product-link\">\n\t\t\t\t\t\n\t\t\t\t\t<div class=\"wc-block-grid__product-image\"><img decoding=\"async\" width=\"300\" height=\"300\" src=\"https:\/\/storybuggies.pt\/booking\/wp-content\/uploads\/2024\/12\/cavalos-3-300x300.webp\" class=\"attachment-woocommerce_thumbnail size-woocommerce_thumbnail\" alt=\"Passeio de Buggy com Experi\u00eancia Equestre\" srcset=\"https:\/\/storybuggies.pt\/booking\/wp-content\/uploads\/2024\/12\/cavalos-3-300x300.webp 300w, https:\/\/storybuggies.pt\/booking\/wp-content\/uploads\/2024\/12\/cavalos-3-150x150.webp 150w, https:\/\/storybuggies.pt\/booking\/wp-content\/uploads\/2024\/12\/cavalos-3-600x600.webp 600w, https:\/\/storybuggies.pt\/booking\/wp-content\/uploads\/2024\/12\/cavalos-3-100x100.webp 100w\" sizes=\"(max-width: 300px) 100vw, 300px\" \/><\/div>\n\t\t\t\t\t<div class=\"wc-block-grid__product-title\">Passeio de Buggy com Experi\u00eancia Equestre<\/div>\n\t\t\t\t<\/a>\n\t\t\t\t<div class=\"wc-block-grid__product-price price\"><span class=\"woocommerce-Price-amount amount\">210.00<span class=\"woocommerce-Price-currencySymbol\">&euro;<\/span><\/span><\/div>\n\t\t\t\t\n\t\t\t\t<div class=\"wp-block-button wc-block-grid__product-add-to-cart\"><a href=\"https:\/\/storybuggies.pt\/booking\/product\/passeio-de-buggy-com-experiencia-equestre\/\" aria-label=\"Seleccione as op\u00e7\u00f5es para &ldquo;Passeio de Buggy com Experi\u00eancia Equestre&rdquo;\" data-quantity=\"1\" data-product_id=\"736\" data-product_sku=\"\" data-price=\"210\" rel=\"nofollow\" class=\"wp-block-button__link  add_to_cart_button\">Ver op\u00e7\u00f5es<\/a><\/div>\n\t\t\t<\/li><li class=\"wc-block-grid__product\">\n\t\t\t\t<a href=\"https:\/\/storybuggies.pt\/booking\/product\/voucher-gift-explosao-de-culturas-e-sabores-2\/\" class=\"wc-block-grid__product-link\">\n\t\t\t\t\t\n\t\t\t\t\t<div class=\"wc-block-grid__product-image\"><img loading=\"lazy\" decoding=\"async\" width=\"300\" height=\"300\" src=\"https:\/\/storybuggies.pt\/booking\/wp-content\/uploads\/2024\/12\/sushi1-300x300.webp\" class=\"attachment-woocommerce_thumbnail size-woocommerce_thumbnail\" alt=\"Explos\u00e3o de Culturas e Sabores!\" srcset=\"https:\/\/storybuggies.pt\/booking\/wp-content\/uploads\/2024\/12\/sushi1-300x300.webp 300w, https:\/\/storybuggies.pt\/booking\/wp-content\/uploads\/2024\/12\/sushi1-150x150.webp 150w, https:\/\/storybuggies.pt\/booking\/wp-content\/uploads\/2024\/12\/sushi1-600x600.webp 600w, https:\/\/storybuggies.pt\/booking\/wp-content\/uploads\/2024\/12\/sushi1-100x100.webp 100w\" sizes=\"(max-width: 300px) 100vw, 300px\" \/><\/div>\n\t\t\t\t\t<div class=\"wc-block-grid__product-title\">Explos\u00e3o de Culturas e Sabores!<\/div>\n\t\t\t\t<\/a>\n\t\t\t\t<div class=\"wc-block-grid__product-price price\"><span class=\"woocommerce-Price-amount amount\" aria-hidden=\"true\">110.00<span class=\"woocommerce-Price-currencySymbol\">&euro;<\/span><\/span> <span aria-hidden=\"true\">&ndash;<\/span> <span class=\"woocommerce-Price-amount amount\" aria-hidden=\"true\">140.00<span class=\"woocommerce-Price-currencySymbol\">&euro;<\/span><\/span><span class=\"screen-reader-text\">Price range: 110.00&euro; through 140.00&euro;<\/span><\/div>\n\t\t\t\t\n\t\t\t\t<div class=\"wp-block-button wc-block-grid__product-add-to-cart\"><a href=\"https:\/\/storybuggies.pt\/booking\/product\/voucher-gift-explosao-de-culturas-e-sabores-2\/\" aria-label=\"Seleccione as op\u00e7\u00f5es para &ldquo;Explos\u00e3o de Culturas e Sabores!&rdquo;\" data-quantity=\"1\" data-product_id=\"732\" data-product_sku=\"\" data-price=\"110\" rel=\"nofollow\" class=\"wp-block-button__link  add_to_cart_button\">Ver op\u00e7\u00f5es<\/a><\/div>\n\t\t\t<\/li><\/ul><\/div><\/div>\n<\/div>\n","protected":false},"excerpt":{"rendered":"","protected":false},"author":1,"featured_media":0,"parent":0,"menu_order":0,"comment_status":"closed","ping_status":"closed","template":"","meta":{"footnotes":""},"class_list":["post-7","page","type-page","status-publish","hentry"],"_links":{"self":[{"href":"https:\/\/storybuggies.pt\/booking\/wp-json\/wp\/v2\/pages\/7","targetHints":{"allow":["GET"]}}],"collection":[{"href":"https:\/\/storybuggies.pt\/booking\/wp-json\/wp\/v2\/pages"}],"about":[{"href":"https:\/\/storybuggies.pt\/booking\/wp-json\/wp\/v2\/types\/page"}],"author":[{"embeddable":true,"href":"https:\/\/storybuggies.pt\/booking\/wp-json\/wp\/v2\/users\/1"}],"replies":[{"embeddable":true,"href":"https:\/\/storybuggies.pt\/booking\/wp-json\/wp\/v2\/comments?post=7"}],"version-history":[{"count":1,"href":"https:\/\/storybuggies.pt\/booking\/wp-json\/wp\/v2\/pages\/7\/revisions"}],"predecessor-version":[{"id":241,"href":"https:\/\/storybuggies.pt\/booking\/wp-json\/wp\/v2\/pages\/7\/revisions\/241"}],"wp:attachment":[{"href":"https:\/\/storybuggies.pt\/booking\/wp-json\/wp\/v2\/media?parent=7"}],"curies":[{"name":"wp","href":"https:\/\/api.w.org\/{rel}","templated":true}]}}